{"id":6,"date":"2020-12-04T10:37:09","date_gmt":"2020-12-04T10:37:09","guid":{"rendered":"https:\/\/martinezdavid.com\/?page_id=6"},"modified":"2026-02-13T08:35:35","modified_gmt":"2026-02-13T08:35:35","slug":"about","status":"publish","type":"page","link":"https:\/\/martinezdavid.com\/en\/about\/","title":{"rendered":"About"},"content":{"rendered":"<style>.kb-row-layout-wrap.wp-block-kadence-rowlayout.kb-row-layout-id6_49fc18-a6{margin-top:150px;margin-bottom:100px;}.kb-row-layout-id6_49fc18-a6 > .kt-row-column-wrap{align-content:start;}:where(.kb-row-layout-id6_49fc18-a6 > .kt-row-column-wrap) > .wp-block-kadence-column{justify-content:start;}.kb-row-layout-id6_49fc18-a6 > .kt-row-column-wrap{column-gap:var(--global-kb-gap-lg, 4rem);row-gap:var(--global-kb-gap-md, 2rem);padding-top:0px;padding-right:50px;padding-bottom:0px;padding-left:50px;grid-template-columns:minmax(0, 1fr) minmax(0, 2fr);}.kb-row-layout-id6_49fc18-a6 > .kt-row-layout-overlay{opacity:0.30;}@media all and (max-width: 1024px){.kb-row-layout-id6_49fc18-a6 > .kt-row-column-wrap{grid-template-columns:minmax(0, 1fr) minmax(0, 2fr);}}@media all and (max-width: 767px){.kb-row-layout-id6_49fc18-a6 > .kt-row-column-wrap{grid-template-columns:minmax(0, 1fr);}}<\/style><div class=\"kb-row-layout-wrap kb-row-layout-id6_49fc18-a6 alignnone wp-block-kadence-rowlayout\"><div class=\"kt-row-column-wrap kt-has-2-columns kt-row-layout-right-golden kt-tab-layout-inherit kt-mobile-layout-row kt-row-valign-top\">\n<style>.kadence-column6_50d474-fd > .kt-inside-inner-col{padding-top:0px;padding-right:0px;padding-bottom:0px;padding-left:0px;}.kadence-column6_50d474-fd > .kt-inside-inner-col,.kadence-column6_50d474-fd > .kt-inside-inner-col:before{border-top-left-radius:0px;border-top-right-radius:0px;border-bottom-right-radius:0px;border-bottom-left-radius:0px;}.kadence-column6_50d474-fd > .kt-inside-inner-col{column-gap:var(--global-kb-gap-sm, 1rem);}.kadence-column6_50d474-fd > .kt-inside-inner-col{flex-direction:column;}.kadence-column6_50d474-fd > .kt-inside-inner-col > .aligncenter{width:100%;}.kadence-column6_50d474-fd > .kt-inside-inner-col:before{opacity:0.3;}.kadence-column6_50d474-fd{text-align:center;}.kadence-column6_50d474-fd{position:relative;}.kadence-column6_50d474-fd, .kt-inside-inner-col > .kadence-column6_50d474-fd:not(.specificity){margin-top:0px;margin-right:0px;margin-bottom:0px;margin-left:0px;}@media all and (max-width: 1024px){.kadence-column6_50d474-fd > .kt-inside-inner-col{flex-direction:column;justify-content:center;}}@media all and (max-width: 767px){.kadence-column6_50d474-fd > .kt-inside-inner-col{flex-direction:column;justify-content:center;}}<\/style>\n<div class=\"wp-block-kadence-column kadence-column6_50d474-fd inner-column-1\"><div class=\"kt-inside-inner-col\"><div class=\"wp-block-image is-style-rounded wp-duotone-unset-1\">\n<figure class=\"aligncenter size-large is-resized has-custom-border\"><img loading=\"lazy\" decoding=\"async\" width=\"1024\" height=\"1024\" src=\"https:\/\/martinezdavid.com\/wp-content\/uploads\/2022\/08\/2019_Aida_41-1024x1024.jpg\" alt=\"\" class=\"wp-image-4665\" style=\"border-style:none;border-width:0px;border-radius:150px;aspect-ratio:1;object-fit:cover;width:300px\" srcset=\"https:\/\/martinezdavid.com\/wp-content\/uploads\/2022\/08\/2019_Aida_41-1024x1024.jpg 1024w, https:\/\/martinezdavid.com\/wp-content\/uploads\/2022\/08\/2019_Aida_41-150x150.jpg 150w, https:\/\/martinezdavid.com\/wp-content\/uploads\/2022\/08\/2019_Aida_41-300x300.jpg 300w, https:\/\/martinezdavid.com\/wp-content\/uploads\/2022\/08\/2019_Aida_41-768x768.jpg 768w, https:\/\/martinezdavid.com\/wp-content\/uploads\/2022\/08\/2019_Aida_41-12x12.jpg 12w, https:\/\/martinezdavid.com\/wp-content\/uploads\/2022\/08\/2019_Aida_41.jpg 1080w\" sizes=\"auto, (max-width: 1024px) 100vw, 1024px\" \/><\/figure>\n<\/div>\n\n<style>.wp-block-kadence-advancedheading.kt-adv-heading6_03031d-2c, .wp-block-kadence-advancedheading.kt-adv-heading6_03031d-2c[data-kb-block=\"kb-adv-heading6_03031d-2c\"]{line-height:3em;font-style:normal;text-transform:none;color:var(--global-palette3, #1A202C);}.wp-block-kadence-advancedheading.kt-adv-heading6_03031d-2c mark.kt-highlight, .wp-block-kadence-advancedheading.kt-adv-heading6_03031d-2c[data-kb-block=\"kb-adv-heading6_03031d-2c\"] mark.kt-highlight{font-style:normal;color:#f76a0c;-webkit-box-decoration-break:clone;box-decoration-break:clone;padding-top:0px;padding-right:0px;padding-bottom:0px;padding-left:0px;}.wp-block-kadence-advancedheading.kt-adv-heading6_03031d-2c img.kb-inline-image, .wp-block-kadence-advancedheading.kt-adv-heading6_03031d-2c[data-kb-block=\"kb-adv-heading6_03031d-2c\"] img.kb-inline-image{width:150px;vertical-align:baseline;}<\/style>\n<h2 class=\"kt-adv-heading6_03031d-2c wp-block-kadence-advancedheading\" data-kb-block=\"kb-adv-heading6_03031d-2c\">Redes sociales<\/h2>\n\n\n<style>.wp-block-kadence-advancedheading.kt-adv-heading6_ff8dd4-c5, .wp-block-kadence-advancedheading.kt-adv-heading6_ff8dd4-c5[data-kb-block=\"kb-adv-heading6_ff8dd4-c5\"]{padding-top:var(--global-kb-spacing-xxs, 0.5rem);padding-right:var(--global-kb-spacing-xxs, 0.5rem);padding-bottom:var(--global-kb-spacing-xxs, 0.5rem);padding-left:var(--global-kb-spacing-xxs, 0.5rem);margin-top:0px;margin-right:0px;margin-bottom:0px;margin-left:0px;text-align:center;font-style:normal;text-transform:none;}.wp-block-kadence-advancedheading.kt-adv-heading6_ff8dd4-c5[data-kb-block=\"kb-adv-heading6_ff8dd4-c5\"]{display:flex;gap:0.25em;justify-content:center;align-items:center;}.wp-block-kadence-advancedheading.kt-adv-heading6_ff8dd4-c5[data-kb-block=\"kb-adv-heading6_ff8dd4-c5\"] .kb-adv-heading-icon svg{width:1em;height:1em;}.wp-block-kadence-advancedheading.kt-adv-heading6_ff8dd4-c5 mark.kt-highlight, .wp-block-kadence-advancedheading.kt-adv-heading6_ff8dd4-c5[data-kb-block=\"kb-adv-heading6_ff8dd4-c5\"] mark.kt-highlight{font-style:normal;color:#f76a0c;-webkit-box-decoration-break:clone;box-decoration-break:clone;padding-top:0px;padding-right:0px;padding-bottom:0px;padding-left:0px;}.wp-block-kadence-advancedheading.kt-adv-heading6_ff8dd4-c5 img.kb-inline-image, .wp-block-kadence-advancedheading.kt-adv-heading6_ff8dd4-c5[data-kb-block=\"kb-adv-heading6_ff8dd4-c5\"] img.kb-inline-image{width:150px;vertical-align:baseline;}<\/style><p class=\"kt-adv-heading6_ff8dd4-c5 wp-block-kadence-advancedheading kt-adv-heading-has-icon\" data-kb-block=\"kb-adv-heading6_ff8dd4-c5\"><span class=\"kb-svg-icon-wrap kb-adv-heading-icon kb-svg-icon-fe_instagram kb-adv-heading-icon-side-left\"><svg viewBox=\"0 0 24 24\"  fill=\"none\" stroke=\"currentColor\" stroke-width=\"2\" stroke-linecap=\"round\" stroke-linejoin=\"round\" xmlns=\"http:\/\/www.w3.org\/2000\/svg\"  aria-hidden=\"true\"><rect x=\"2\" y=\"2\" width=\"20\" height=\"20\" rx=\"5\" ry=\"5\"\/><path d=\"M16 11.37A4 4 0 1 1 12.63 8 4 4 0 0 1 16 11.37z\"\/><line x1=\"17.5\" y1=\"6.5\" x2=\"17.5\" y2=\"6.5\"\/><\/svg><\/span><span class=\"kb-adv-text-inner\"><a href=\"https:\/\/www.instagram.com\/davo3d\">IG &#8211; 3D<\/a><\/span><\/p>\n\n<style>.wp-block-kadence-advancedheading.kt-adv-heading6_ff811e-93, .wp-block-kadence-advancedheading.kt-adv-heading6_ff811e-93[data-kb-block=\"kb-adv-heading6_ff811e-93\"]{padding-top:var(--global-kb-spacing-xxs, 0.5rem);padding-right:var(--global-kb-spacing-xxs, 0.5rem);padding-bottom:var(--global-kb-spacing-xxs, 0.5rem);padding-left:var(--global-kb-spacing-xxs, 0.5rem);margin-top:0px;margin-right:0px;margin-bottom:0px;margin-left:0px;text-align:center;font-style:normal;text-transform:none;}.wp-block-kadence-advancedheading.kt-adv-heading6_ff811e-93[data-kb-block=\"kb-adv-heading6_ff811e-93\"]{display:flex;gap:0.25em;justify-content:center;align-items:center;}.wp-block-kadence-advancedheading.kt-adv-heading6_ff811e-93[data-kb-block=\"kb-adv-heading6_ff811e-93\"] .kb-adv-heading-icon svg{width:1em;height:1em;}.wp-block-kadence-advancedheading.kt-adv-heading6_ff811e-93 mark.kt-highlight, .wp-block-kadence-advancedheading.kt-adv-heading6_ff811e-93[data-kb-block=\"kb-adv-heading6_ff811e-93\"] mark.kt-highlight{font-style:normal;color:#f76a0c;-webkit-box-decoration-break:clone;box-decoration-break:clone;padding-top:0px;padding-right:0px;padding-bottom:0px;padding-left:0px;}.wp-block-kadence-advancedheading.kt-adv-heading6_ff811e-93 img.kb-inline-image, .wp-block-kadence-advancedheading.kt-adv-heading6_ff811e-93[data-kb-block=\"kb-adv-heading6_ff811e-93\"] img.kb-inline-image{width:150px;vertical-align:baseline;}<\/style><p class=\"kt-adv-heading6_ff811e-93 wp-block-kadence-advancedheading kt-adv-heading-has-icon\" data-kb-block=\"kb-adv-heading6_ff811e-93\"><span class=\"kb-svg-icon-wrap kb-adv-heading-icon kb-svg-icon-fe_instagram kb-adv-heading-icon-side-left\"><svg viewBox=\"0 0 24 24\"  fill=\"none\" stroke=\"currentColor\" stroke-width=\"2\" stroke-linecap=\"round\" stroke-linejoin=\"round\" xmlns=\"http:\/\/www.w3.org\/2000\/svg\"  aria-hidden=\"true\"><rect x=\"2\" y=\"2\" width=\"20\" height=\"20\" rx=\"5\" ry=\"5\"\/><path d=\"M16 11.37A4 4 0 1 1 12.63 8 4 4 0 0 1 16 11.37z\"\/><line x1=\"17.5\" y1=\"6.5\" x2=\"17.5\" y2=\"6.5\"\/><\/svg><\/span><span class=\"kb-adv-text-inner\"><a href=\"https:\/\/www.instagram.com\/davottl\/\">IG &#8211; Photo<\/a><\/span><\/p>\n\n<style>.wp-block-kadence-advancedheading.kt-adv-heading6_ae5799-7c, .wp-block-kadence-advancedheading.kt-adv-heading6_ae5799-7c[data-kb-block=\"kb-adv-heading6_ae5799-7c\"]{padding-top:var(--global-kb-spacing-xxs, 0.5rem);padding-right:var(--global-kb-spacing-xxs, 0.5rem);padding-bottom:var(--global-kb-spacing-xxs, 0.5rem);padding-left:var(--global-kb-spacing-xxs, 0.5rem);margin-top:0px;margin-right:0px;margin-bottom:0px;margin-left:0px;text-align:center;font-style:normal;text-transform:none;}.wp-block-kadence-advancedheading.kt-adv-heading6_ae5799-7c[data-kb-block=\"kb-adv-heading6_ae5799-7c\"]{display:flex;gap:0.25em;justify-content:center;align-items:center;}.wp-block-kadence-advancedheading.kt-adv-heading6_ae5799-7c[data-kb-block=\"kb-adv-heading6_ae5799-7c\"] .kb-adv-heading-icon svg{width:1em;height:1em;}.wp-block-kadence-advancedheading.kt-adv-heading6_ae5799-7c mark.kt-highlight, .wp-block-kadence-advancedheading.kt-adv-heading6_ae5799-7c[data-kb-block=\"kb-adv-heading6_ae5799-7c\"] mark.kt-highlight{font-style:normal;color:#f76a0c;-webkit-box-decoration-break:clone;box-decoration-break:clone;padding-top:0px;padding-right:0px;padding-bottom:0px;padding-left:0px;}.wp-block-kadence-advancedheading.kt-adv-heading6_ae5799-7c img.kb-inline-image, .wp-block-kadence-advancedheading.kt-adv-heading6_ae5799-7c[data-kb-block=\"kb-adv-heading6_ae5799-7c\"] img.kb-inline-image{width:150px;vertical-align:baseline;}<\/style><p class=\"kt-adv-heading6_ae5799-7c wp-block-kadence-advancedheading kt-adv-heading-has-icon\" data-kb-block=\"kb-adv-heading6_ae5799-7c\"><span class=\"kb-svg-icon-wrap kb-adv-heading-icon kb-svg-icon-fa_twitter kb-adv-heading-icon-side-left\"><svg viewBox=\"0 0 512 512\"  fill=\"currentColor\" xmlns=\"http:\/\/www.w3.org\/2000\/svg\"  aria-hidden=\"true\"><path d=\"M459.37 151.716c.325 4.548.325 9.097.325 13.645 0 138.72-105.583 298.558-298.558 298.558-59.452 0-114.68-17.219-161.137-47.106 8.447.974 16.568 1.299 25.34 1.299 49.055 0 94.213-16.568 130.274-44.832-46.132-.975-84.792-31.188-98.112-72.772 6.498.974 12.995 1.624 19.818 1.624 9.421 0 18.843-1.3 27.614-3.573-48.081-9.747-84.143-51.98-84.143-102.985v-1.299c13.969 7.797 30.214 12.67 47.431 13.319-28.264-18.843-46.781-51.005-46.781-87.391 0-19.492 5.197-37.36 14.294-52.954 51.655 63.675 129.3 105.258 216.365 109.807-1.624-7.797-2.599-15.918-2.599-24.04 0-57.828 46.782-104.934 104.934-104.934 30.213 0 57.502 12.67 76.67 33.137 23.715-4.548 46.456-13.32 66.599-25.34-7.798 24.366-24.366 44.833-46.132 57.827 21.117-2.273 41.584-8.122 60.426-16.243-14.292 20.791-32.161 39.308-52.628 54.253z\"\/><\/svg><\/span><span class=\"kb-adv-text-inner\"><a href=\"https:\/\/twitter.com\/el_Davo17\">Twitter<\/a><\/span><\/p>\n\n<style>.wp-block-kadence-advancedheading.kt-adv-heading6_9de069-0e, .wp-block-kadence-advancedheading.kt-adv-heading6_9de069-0e[data-kb-block=\"kb-adv-heading6_9de069-0e\"]{line-height:3em;font-style:normal;text-transform:none;color:var(--global-palette3, #1A202C);}.wp-block-kadence-advancedheading.kt-adv-heading6_9de069-0e mark.kt-highlight, .wp-block-kadence-advancedheading.kt-adv-heading6_9de069-0e[data-kb-block=\"kb-adv-heading6_9de069-0e\"] mark.kt-highlight{font-style:normal;color:#f76a0c;-webkit-box-decoration-break:clone;box-decoration-break:clone;padding-top:0px;padding-right:0px;padding-bottom:0px;padding-left:0px;}.wp-block-kadence-advancedheading.kt-adv-heading6_9de069-0e img.kb-inline-image, .wp-block-kadence-advancedheading.kt-adv-heading6_9de069-0e[data-kb-block=\"kb-adv-heading6_9de069-0e\"] img.kb-inline-image{width:150px;vertical-align:baseline;}<\/style>\n<h2 class=\"kt-adv-heading6_9de069-0e wp-block-kadence-advancedheading\" data-kb-block=\"kb-adv-heading6_9de069-0e\">See my Work.<\/h2>\n\n\n<style>.wp-block-kadence-advancedheading.kt-adv-heading6_363a5a-98, .wp-block-kadence-advancedheading.kt-adv-heading6_363a5a-98[data-kb-block=\"kb-adv-heading6_363a5a-98\"]{line-height:1px;font-style:normal;text-transform:none;}.wp-block-kadence-advancedheading.kt-adv-heading6_363a5a-98 mark.kt-highlight, .wp-block-kadence-advancedheading.kt-adv-heading6_363a5a-98[data-kb-block=\"kb-adv-heading6_363a5a-98\"] mark.kt-highlight{font-style:normal;color:#f76a0c;-webkit-box-decoration-break:clone;box-decoration-break:clone;padding-top:0px;padding-right:0px;padding-bottom:0px;padding-left:0px;}.wp-block-kadence-advancedheading.kt-adv-heading6_363a5a-98 img.kb-inline-image, .wp-block-kadence-advancedheading.kt-adv-heading6_363a5a-98[data-kb-block=\"kb-adv-heading6_363a5a-98\"] img.kb-inline-image{width:150px;vertical-align:baseline;}<\/style>\n<p class=\"kt-adv-heading6_363a5a-98 wp-block-kadence-advancedheading\" data-kb-block=\"kb-adv-heading6_363a5a-98\"><a href=\"https:\/\/www.artstation.com\/davo_17\">Artstation<\/a><\/p>\n<\/div><\/div>\n\n\n<style>.kadence-column6_60cfe8-34 > .kt-inside-inner-col,.kadence-column6_60cfe8-34 > .kt-inside-inner-col:before{border-top-left-radius:0px;border-top-right-radius:0px;border-bottom-right-radius:0px;border-bottom-left-radius:0px;}.kadence-column6_60cfe8-34 > .kt-inside-inner-col{column-gap:var(--global-kb-gap-sm, 1rem);}.kadence-column6_60cfe8-34 > .kt-inside-inner-col{flex-direction:column;}.kadence-column6_60cfe8-34 > .kt-inside-inner-col > .aligncenter{width:100%;}.kadence-column6_60cfe8-34 > .kt-inside-inner-col:before{opacity:0.3;}.kadence-column6_60cfe8-34{position:relative;}.kadence-column6_60cfe8-34, .kt-inside-inner-col > .kadence-column6_60cfe8-34:not(.specificity){margin-bottom:0px;}@media all and (max-width: 1024px){.kadence-column6_60cfe8-34 > .kt-inside-inner-col{flex-direction:column;justify-content:center;}}@media all and (max-width: 767px){.kadence-column6_60cfe8-34 > .kt-inside-inner-col{flex-direction:column;justify-content:center;}}<\/style>\n<div class=\"wp-block-kadence-column kadence-column6_60cfe8-34\"><div class=\"kt-inside-inner-col\">\n<h2 class=\"wp-block-heading\" style=\"font-size:45px;line-height:2\">Buenas, soy David.<\/h2>\n\n\n\n<p>Soy artista 3D de personajes en el sector del videojuego. Me apasiona la fotograf\u00eda, el video y la ilustraci\u00f3n. <\/p>\n\n\n\n<p>Desde que tengo memoria, el arte ha sido lo \u00fanico en lo que me he interesado profesionalmente. Ya desde peque\u00f1o pasaba mi tiempo libre leyendo c\u00f3mics, viendo series animadas, jugando videojuegos o haciendo alg\u00fan que otro garabato. As\u00ed que, en el momento de elegir una carrera para cursar mis estudios superiores, no contemplaba otra opci\u00f3n que no fuera Bellas Artes. Obtuve mi t\u00edtulo de Grado en la Universidad Complutense de Madrid (UCM) y posteriormente curs\u00e9 el M\u00e1ster en Dise\u00f1o en el mismo centro.<\/p>\n\n\n\n<p>He trabajado en diferentes puestos relacionados con \u00e1mbitos creativos (dise\u00f1o, ilustraci\u00f3n, UX, fotograf\u00eda, video, etc.) siendo el modelado 3D y el CGI mis aut\u00e9nticas pasiones. Actualmente trabajo como artista de personajes 3D en la industria del videojuego.<\/p>\n\n\n\n<h2 class=\"wp-block-heading\" style=\"font-style:normal;font-weight:400\">Videojuegos en los que he trabajado.<\/h2>\n\n\n\n<ul class=\"wp-block-list\">\n<li>Tomb Raider Catalyst Crystal Dynamics (2027) &#8211; 3D Character Artist.<\/li>\n\n\n\n<li>EA College Football 25 Electronic Arts (2025) &#8211; 3D Character Artist.<\/li>\n\n\n\n<li>EA Madden 25 Electronic Arts (2025) &#8211; 3D Character Artist.<\/li>\n\n\n\n<li>Lords of the Fallen CI Games (2023) &#8211; 3D Artist.<\/li>\n<\/ul>\n<\/div><\/div>\n\n<\/div><\/div>","protected":false},"excerpt":{"rendered":"<p>Redes sociales IG &#8211; 3D IG &#8211; Photo Twitter See my Work. Artstation Buenas, soy David. Soy artista 3D de personajes en el sector del videojuego. Me apasiona la fotograf\u00eda, el video y la ilustraci\u00f3n. Desde que tengo memoria, el arte ha sido lo \u00fanico en lo que me he interesado profesionalmente. Ya desde peque\u00f1o&#8230;<\/p>","protected":false},"author":1,"featured_media":0,"parent":0,"menu_order":4,"comment_status":"closed","ping_status":"closed","template":"","meta":{"_kad_post_transparent":"disable","_kad_post_title":"hide","_kad_post_layout":"default","_kad_post_sidebar_id":"","_kad_post_content_style":"default","_kad_post_vertical_padding":"default","_kad_post_feature":"hide","_kad_post_feature_position":"","_kad_post_header":false,"_kad_post_footer":false,"_kad_post_classname":"","footnotes":""},"class_list":["post-6","page","type-page","status-publish","hentry"],"yoast_head":"<!-- This site is optimized with the Yoast SEO plugin v27.4 - https:\/\/yoast.com\/product\/yoast-seo-wordpress\/ -->\n<title>David G. Mart\u00ednez &#187; About Me &#187; (3D, VFX, Post-Production, Video, Photo)<\/title>\n<meta name=\"description\" content=\"Hi, this is David speaking. Guess I&#039;m a multimedia artist of some kind. I do 3D Art, video, post-production, photo an Illustration.\" \/>\n<meta name=\"robots\" content=\"index, follow, max-snippet:-1, max-image-preview:large, max-video-preview:-1\" \/>\n<link rel=\"canonical\" href=\"https:\/\/martinezdavid.com\/en\/about\/\" \/>\n<meta property=\"og:locale\" content=\"en_US\" \/>\n<meta property=\"og:type\" content=\"article\" \/>\n<meta property=\"og:title\" content=\"David G. Mart\u00ednez &#187; About Me &#187; (3D, VFX, Post-Production, Video, Photo)\" \/>\n<meta property=\"og:description\" content=\"Hi, this is David speaking. Guess I&#039;m a multimedia artist of some kind. I do 3D Art, video, post-production, photo an Illustration.\" \/>\n<meta property=\"og:url\" content=\"https:\/\/martinezdavid.com\/en\/about\/\" \/>\n<meta property=\"og:site_name\" content=\"David G. Mart\u00ednez\" \/>\n<meta property=\"article:modified_time\" content=\"2026-02-13T08:35:35+00:00\" \/>\n<meta property=\"og:image\" content=\"https:\/\/martinezdavid.com\/wp-content\/uploads\/2022\/08\/2019_Aida_41.jpg\" \/>\n\t<meta property=\"og:image:width\" content=\"1080\" \/>\n\t<meta property=\"og:image:height\" content=\"1080\" \/>\n\t<meta property=\"og:image:type\" content=\"image\/jpeg\" \/>\n<meta name=\"twitter:card\" content=\"summary_large_image\" \/>\n<meta name=\"twitter:label1\" content=\"Est. reading time\" \/>\n\t<meta name=\"twitter:data1\" content=\"2 minutes\" \/>\n<script type=\"application\/ld+json\" class=\"yoast-schema-graph\">{\"@context\":\"https:\\\/\\\/schema.org\",\"@graph\":[{\"@type\":[\"WebPage\",\"AboutPage\"],\"@id\":\"https:\\\/\\\/martinezdavid.com\\\/about\\\/\",\"url\":\"https:\\\/\\\/martinezdavid.com\\\/about\\\/\",\"name\":\"David G. Mart\u00ednez &#187; About Me &#187; (3D, VFX, Post-Production, Video, Photo)\",\"isPartOf\":{\"@id\":\"https:\\\/\\\/martinezdavid.com\\\/#website\"},\"primaryImageOfPage\":{\"@id\":\"https:\\\/\\\/martinezdavid.com\\\/about\\\/#primaryimage\"},\"image\":{\"@id\":\"https:\\\/\\\/martinezdavid.com\\\/about\\\/#primaryimage\"},\"thumbnailUrl\":\"https:\\\/\\\/martinezdavid.com\\\/wp-content\\\/uploads\\\/2022\\\/08\\\/2019_Aida_41-1024x1024.jpg\",\"datePublished\":\"2020-12-04T10:37:09+00:00\",\"dateModified\":\"2026-02-13T08:35:35+00:00\",\"description\":\"Hi, this is David speaking. Guess I'm a multimedia artist of some kind. I do 3D Art, video, post-production, photo an Illustration.\",\"breadcrumb\":{\"@id\":\"https:\\\/\\\/martinezdavid.com\\\/about\\\/#breadcrumb\"},\"inLanguage\":\"en-US\",\"potentialAction\":[{\"@type\":\"ReadAction\",\"target\":[\"https:\\\/\\\/martinezdavid.com\\\/about\\\/\"]}]},{\"@type\":\"ImageObject\",\"inLanguage\":\"en-US\",\"@id\":\"https:\\\/\\\/martinezdavid.com\\\/about\\\/#primaryimage\",\"url\":\"https:\\\/\\\/martinezdavid.com\\\/wp-content\\\/uploads\\\/2022\\\/08\\\/2019_Aida_41-1024x1024.jpg\",\"contentUrl\":\"https:\\\/\\\/martinezdavid.com\\\/wp-content\\\/uploads\\\/2022\\\/08\\\/2019_Aida_41-1024x1024.jpg\"},{\"@type\":\"BreadcrumbList\",\"@id\":\"https:\\\/\\\/martinezdavid.com\\\/about\\\/#breadcrumb\",\"itemListElement\":[{\"@type\":\"ListItem\",\"position\":1,\"name\":\"Home\",\"item\":\"https:\\\/\\\/martinezdavid.com\\\/\"},{\"@type\":\"ListItem\",\"position\":2,\"name\":\"Sobre\"}]},{\"@type\":\"WebSite\",\"@id\":\"https:\\\/\\\/martinezdavid.com\\\/#website\",\"url\":\"https:\\\/\\\/martinezdavid.com\\\/\",\"name\":\"David G. Mart\u00ednez\",\"description\":\"3D Character Artist in videogames.\",\"publisher\":{\"@id\":\"https:\\\/\\\/martinezdavid.com\\\/#\\\/schema\\\/person\\\/078a9c59569c85b85d7e7e940b3017fa\"},\"potentialAction\":[{\"@type\":\"SearchAction\",\"target\":{\"@type\":\"EntryPoint\",\"urlTemplate\":\"https:\\\/\\\/martinezdavid.com\\\/?s={search_term_string}\"},\"query-input\":{\"@type\":\"PropertyValueSpecification\",\"valueRequired\":true,\"valueName\":\"search_term_string\"}}],\"inLanguage\":\"en-US\"},{\"@type\":[\"Person\",\"Organization\"],\"@id\":\"https:\\\/\\\/martinezdavid.com\\\/#\\\/schema\\\/person\\\/078a9c59569c85b85d7e7e940b3017fa\",\"name\":\"David\",\"image\":{\"@type\":\"ImageObject\",\"inLanguage\":\"en-US\",\"@id\":\"https:\\\/\\\/martinezdavid.com\\\/wp-content\\\/uploads\\\/2023\\\/12\\\/Logo_Web.png\",\"url\":\"https:\\\/\\\/martinezdavid.com\\\/wp-content\\\/uploads\\\/2023\\\/12\\\/Logo_Web.png\",\"contentUrl\":\"https:\\\/\\\/martinezdavid.com\\\/wp-content\\\/uploads\\\/2023\\\/12\\\/Logo_Web.png\",\"width\":512,\"height\":512,\"caption\":\"David\"},\"logo\":{\"@id\":\"https:\\\/\\\/martinezdavid.com\\\/wp-content\\\/uploads\\\/2023\\\/12\\\/Logo_Web.png\"},\"sameAs\":[\"https:\\\/\\\/martinezdavid.com\"]}]}<\/script>\n<!-- \/ Yoast SEO plugin. -->","yoast_head_json":{"title":"David G. Mart\u00ednez &#187; About Me &#187; (3D, VFX, Post-Production, Video, Photo)","description":"Hi, this is David speaking. Guess I'm a multimedia artist of some kind. I do 3D Art, video, post-production, photo an Illustration.","robots":{"index":"index","follow":"follow","max-snippet":"max-snippet:-1","max-image-preview":"max-image-preview:large","max-video-preview":"max-video-preview:-1"},"canonical":"https:\/\/martinezdavid.com\/en\/about\/","og_locale":"en_US","og_type":"article","og_title":"David G. Mart\u00ednez &#187; About Me &#187; (3D, VFX, Post-Production, Video, Photo)","og_description":"Hi, this is David speaking. Guess I'm a multimedia artist of some kind. I do 3D Art, video, post-production, photo an Illustration.","og_url":"https:\/\/martinezdavid.com\/en\/about\/","og_site_name":"David G. Mart\u00ednez","article_modified_time":"2026-02-13T08:35:35+00:00","og_image":[{"width":1080,"height":1080,"url":"https:\/\/martinezdavid.com\/wp-content\/uploads\/2022\/08\/2019_Aida_41.jpg","type":"image\/jpeg"}],"twitter_card":"summary_large_image","twitter_misc":{"Est. reading time":"2 minutes"},"schema":{"@context":"https:\/\/schema.org","@graph":[{"@type":["WebPage","AboutPage"],"@id":"https:\/\/martinezdavid.com\/about\/","url":"https:\/\/martinezdavid.com\/about\/","name":"David G. Mart\u00ednez &#187; About Me &#187; (3D, VFX, Post-Production, Video, Photo)","isPartOf":{"@id":"https:\/\/martinezdavid.com\/#website"},"primaryImageOfPage":{"@id":"https:\/\/martinezdavid.com\/about\/#primaryimage"},"image":{"@id":"https:\/\/martinezdavid.com\/about\/#primaryimage"},"thumbnailUrl":"https:\/\/martinezdavid.com\/wp-content\/uploads\/2022\/08\/2019_Aida_41-1024x1024.jpg","datePublished":"2020-12-04T10:37:09+00:00","dateModified":"2026-02-13T08:35:35+00:00","description":"Hi, this is David speaking. Guess I'm a multimedia artist of some kind. I do 3D Art, video, post-production, photo an Illustration.","breadcrumb":{"@id":"https:\/\/martinezdavid.com\/about\/#breadcrumb"},"inLanguage":"en-US","potentialAction":[{"@type":"ReadAction","target":["https:\/\/martinezdavid.com\/about\/"]}]},{"@type":"ImageObject","inLanguage":"en-US","@id":"https:\/\/martinezdavid.com\/about\/#primaryimage","url":"https:\/\/martinezdavid.com\/wp-content\/uploads\/2022\/08\/2019_Aida_41-1024x1024.jpg","contentUrl":"https:\/\/martinezdavid.com\/wp-content\/uploads\/2022\/08\/2019_Aida_41-1024x1024.jpg"},{"@type":"BreadcrumbList","@id":"https:\/\/martinezdavid.com\/about\/#breadcrumb","itemListElement":[{"@type":"ListItem","position":1,"name":"Home","item":"https:\/\/martinezdavid.com\/"},{"@type":"ListItem","position":2,"name":"Sobre"}]},{"@type":"WebSite","@id":"https:\/\/martinezdavid.com\/#website","url":"https:\/\/martinezdavid.com\/","name":"David G. Mart\u00ednez","description":"3D Character Artist in videogames.","publisher":{"@id":"https:\/\/martinezdavid.com\/#\/schema\/person\/078a9c59569c85b85d7e7e940b3017fa"},"potentialAction":[{"@type":"SearchAction","target":{"@type":"EntryPoint","urlTemplate":"https:\/\/martinezdavid.com\/?s={search_term_string}"},"query-input":{"@type":"PropertyValueSpecification","valueRequired":true,"valueName":"search_term_string"}}],"inLanguage":"en-US"},{"@type":["Person","Organization"],"@id":"https:\/\/martinezdavid.com\/#\/schema\/person\/078a9c59569c85b85d7e7e940b3017fa","name":"David","image":{"@type":"ImageObject","inLanguage":"en-US","@id":"https:\/\/martinezdavid.com\/wp-content\/uploads\/2023\/12\/Logo_Web.png","url":"https:\/\/martinezdavid.com\/wp-content\/uploads\/2023\/12\/Logo_Web.png","contentUrl":"https:\/\/martinezdavid.com\/wp-content\/uploads\/2023\/12\/Logo_Web.png","width":512,"height":512,"caption":"David"},"logo":{"@id":"https:\/\/martinezdavid.com\/wp-content\/uploads\/2023\/12\/Logo_Web.png"},"sameAs":["https:\/\/martinezdavid.com"]}]}},"_links":{"self":[{"href":"https:\/\/martinezdavid.com\/en\/wp-json\/wp\/v2\/pages\/6","targetHints":{"allow":["GET"]}}],"collection":[{"href":"https:\/\/martinezdavid.com\/en\/wp-json\/wp\/v2\/pages"}],"about":[{"href":"https:\/\/martinezdavid.com\/en\/wp-json\/wp\/v2\/types\/page"}],"author":[{"embeddable":true,"href":"https:\/\/martinezdavid.com\/en\/wp-json\/wp\/v2\/users\/1"}],"replies":[{"embeddable":true,"href":"https:\/\/martinezdavid.com\/en\/wp-json\/wp\/v2\/comments?post=6"}],"version-history":[{"count":16,"href":"https:\/\/martinezdavid.com\/en\/wp-json\/wp\/v2\/pages\/6\/revisions"}],"predecessor-version":[{"id":5838,"href":"https:\/\/martinezdavid.com\/en\/wp-json\/wp\/v2\/pages\/6\/revisions\/5838"}],"wp:attachment":[{"href":"https:\/\/martinezdavid.com\/en\/wp-json\/wp\/v2\/media?parent=6"}],"curies":[{"name":"wp","href":"https:\/\/api.w.org\/{rel}","templated":true}]}}